{"id":26050,"date":"2024-06-17T15:30:23","date_gmt":"2024-06-17T13:30:23","guid":{"rendered":"https:\/\/oceanstore.at\/?post_type=product&#038;p=26050"},"modified":"2025-04-22T16:53:43","modified_gmt":"2025-04-22T14:53:43","slug":"strandtuch-aus-100-baumwolle-fischschwarm-lachsfarben-grau","status":"publish","type":"product","link":"https:\/\/oceanstore.at\/en\/produkt\/strandtuch-aus-100-baumwolle-fischschwarm-lachsfarben-grau\/","title":{"rendered":"Strandtuch aus 100% Baumwolle &#8211; Fischschwarm Lachsfarben\/Grau"},"content":{"rendered":"<div class=\"product__block aos-init aos-animate\" data-aos=\"fade-up\" data-aos-anchor=\"#FeaturedProduct--template--17238560637226__main\" data-aos-delay=\"1700\">\n<div class=\"product__icon__row\">\n<div class=\"product__icon\">\n<div class=\"flex flex-grow flex-col max-w-full\">\n<div class=\"min-h-[20px] text-message flex flex-col items-start whitespace-pre-wrap break-words [.text-message+&amp;]:mt-5 juice:w-full juice:items-end overflow-x-auto gap-2\" dir=\"auto\" data-message-author-role=\"assistant\" data-message-id=\"558f64dd-345b-4042-bf8e-49840a635957\">\n<div class=\"flex w-full flex-col gap-1 juice:empty:hidden juice:first:pt-[3px]\">\n<div class=\"markdown prose w-full break-words dark:prose-invert light\">\n<p>Gro\u00dfes wendbares Strandtuch mit stilvollen Fischschwarm-Design aus 100% Baumwolle.<\/p>\n<p>W\u00e4hrend es strapazierf\u00e4hig und langlebig ist, f\u00fchlt sich das Strandtuch von Aelia Anna auf der Haut warm, sanft und beruhigend an. Zudem ist es sehr leicht, saugf\u00e4hig und schnell trocknend. Der Ideale Begleiter f\u00fcr ihren Strandbesuch.<\/p>\n<p>Entworfen und hergestellt in Griechenland von Aelia Anna.<\/p>\n<p>Gr\u00f6\u00dfe: 90 x 180 cm<\/p>\n<\/div>\n<\/div>\n<\/div>\n<\/div>\n<\/div>\n<\/div>\n<\/div>\n","protected":false},"excerpt":{"rendered":"<p>Gro\u00dfes wendbares Strandtuch mit stilvollen Fischschwarm-Design aus 100% Baumwolle.<\/p>\n","protected":false},"featured_media":26024,"comment_status":"open","ping_status":"closed","template":"","meta":{"inline_featured_image":false,"_themeisle_gutenberg_block_has_review":false},"product_brand":[3851],"product_cat":[3504,3500,3498,1195,1081],"product_tag":[2881,2879,2877,2875,1738,1736,1369,1363],"class_list":{"0":"post-26050","1":"product","2":"type-product","3":"status-publish","4":"has-post-thumbnail","6":"product_brand-aelia-anna","7":"product_cat-fashion","8":"product_cat-home-textiles","9":"product_cat-living","10":"product_cat-blankets","11":"product_cat-beach-towels","12":"product_tag-salmon-colors","13":"product_tag-beach-towel-en","14":"product_tag-aelia-anna-en","15":"product_tag-cotton","16":"product_tag-strandtuch-en","17":"product_tag-strand-en","18":"product_tag-fish-en","19":"product_tag-fisch-en","20":"product_shipping_class-accessories-en","22":"first","23":"outofstock","24":"taxable","25":"shipping-taxable","26":"purchasable","27":"product-type-simple"},"yoast_head":"<!-- This site is optimized with the Yoast SEO plugin v27.3 - https:\/\/yoast.com\/product\/yoast-seo-wordpress\/ -->\n<title>Gro\u00dfes Strandtuch mit Fischschwarm Motiv von Aelia Anna: Griechisches Design<\/title>\n<meta name=\"description\" content=\"Genie\u00dfen Sie entspannte Strandtage mit diesem gro\u00dfartigen Strandtuch mit Fischmotiv! Hergestellt aus 100% Baumwolle, f\u00fchlt es sich auf der Haut besonders warm und sanft an. ?\ufe0f\" \/>\n<meta name=\"robots\" content=\"index, follow, max-snippet:-1, max-image-preview:large, max-video-preview:-1\" \/>\n<link rel=\"canonical\" href=\"https:\/\/oceanstore.at\/en\/produkt\/strandtuch-aus-100-baumwolle-fischschwarm-lachsfarben-grau\/\" \/>\n<meta property=\"og:locale\" content=\"en_US\" \/>\n<meta property=\"og:type\" content=\"article\" \/>\n<meta property=\"og:title\" content=\"Gro\u00dfes Strandtuch mit Fischschwarm Motiv von Aelia Anna: Griechisches Design\" \/>\n<meta property=\"og:description\" content=\"Genie\u00dfen Sie entspannte Strandtage mit diesem gro\u00dfartigen Strandtuch mit Fischmotiv! Hergestellt aus 100% Baumwolle, f\u00fchlt es sich auf der Haut besonders warm und sanft an. ?\ufe0f\" \/>\n<meta property=\"og:url\" content=\"https:\/\/oceanstore.at\/en\/produkt\/strandtuch-aus-100-baumwolle-fischschwarm-lachsfarben-grau\/\" \/>\n<meta property=\"og:site_name\" content=\"oceanstore\" \/>\n<meta property=\"article:publisher\" content=\"https:\/\/www.facebook.com\/OceanstoreVienna\/\" \/>\n<meta property=\"article:modified_time\" content=\"2025-04-22T14:53:43+00:00\" \/>\n<meta property=\"og:image\" content=\"https:\/\/oceanstore.at\/wp-content\/uploads\/2024\/06\/Oceanstore-HP-Freisteller18182670.jpg\" \/>\n\t<meta property=\"og:image:width\" content=\"1920\" \/>\n\t<meta property=\"og:image:height\" content=\"1920\" \/>\n\t<meta property=\"og:image:type\" content=\"image\/jpeg\" \/>\n<meta name=\"twitter:card\" content=\"summary_large_image\" \/>\n<script type=\"application\/ld+json\" class=\"yoast-schema-graph\">{\"@context\":\"https:\\\/\\\/schema.org\",\"@graph\":[{\"@type\":\"WebPage\",\"@id\":\"https:\\\/\\\/oceanstore.at\\\/en\\\/produkt\\\/strandtuch-aus-100-baumwolle-fischschwarm-lachsfarben-grau\\\/\",\"url\":\"https:\\\/\\\/oceanstore.at\\\/en\\\/produkt\\\/strandtuch-aus-100-baumwolle-fischschwarm-lachsfarben-grau\\\/\",\"name\":\"Gro\u00dfes Strandtuch mit Fischschwarm Motiv von Aelia Anna: Griechisches Design\",\"isPartOf\":{\"@id\":\"https:\\\/\\\/oceanstore.at\\\/#website\"},\"primaryImageOfPage\":{\"@id\":\"https:\\\/\\\/oceanstore.at\\\/en\\\/produkt\\\/strandtuch-aus-100-baumwolle-fischschwarm-lachsfarben-grau\\\/#primaryimage\"},\"image\":{\"@id\":\"https:\\\/\\\/oceanstore.at\\\/en\\\/produkt\\\/strandtuch-aus-100-baumwolle-fischschwarm-lachsfarben-grau\\\/#primaryimage\"},\"thumbnailUrl\":\"https:\\\/\\\/oceanstore.at\\\/wp-content\\\/uploads\\\/2024\\\/06\\\/Oceanstore-HP-Freisteller18182670.jpg\",\"datePublished\":\"2024-06-17T13:30:23+00:00\",\"dateModified\":\"2025-04-22T14:53:43+00:00\",\"description\":\"Genie\u00dfen Sie entspannte Strandtage mit diesem gro\u00dfartigen Strandtuch mit Fischmotiv! Hergestellt aus 100% Baumwolle, f\u00fchlt es sich auf der Haut besonders warm und sanft an. ?\ufe0f\",\"breadcrumb\":{\"@id\":\"https:\\\/\\\/oceanstore.at\\\/en\\\/produkt\\\/strandtuch-aus-100-baumwolle-fischschwarm-lachsfarben-grau\\\/#breadcrumb\"},\"inLanguage\":\"en-US\",\"potentialAction\":[{\"@type\":\"ReadAction\",\"target\":[\"https:\\\/\\\/oceanstore.at\\\/en\\\/produkt\\\/strandtuch-aus-100-baumwolle-fischschwarm-lachsfarben-grau\\\/\"]}]},{\"@type\":\"ImageObject\",\"inLanguage\":\"en-US\",\"@id\":\"https:\\\/\\\/oceanstore.at\\\/en\\\/produkt\\\/strandtuch-aus-100-baumwolle-fischschwarm-lachsfarben-grau\\\/#primaryimage\",\"url\":\"https:\\\/\\\/oceanstore.at\\\/wp-content\\\/uploads\\\/2024\\\/06\\\/Oceanstore-HP-Freisteller18182670.jpg\",\"contentUrl\":\"https:\\\/\\\/oceanstore.at\\\/wp-content\\\/uploads\\\/2024\\\/06\\\/Oceanstore-HP-Freisteller18182670.jpg\",\"width\":1920,\"height\":1920},{\"@type\":\"BreadcrumbList\",\"@id\":\"https:\\\/\\\/oceanstore.at\\\/en\\\/produkt\\\/strandtuch-aus-100-baumwolle-fischschwarm-lachsfarben-grau\\\/#breadcrumb\",\"itemListElement\":[{\"@type\":\"ListItem\",\"position\":1,\"name\":\"Startseite\",\"item\":\"https:\\\/\\\/oceanstore.at\\\/en\\\/\"},{\"@type\":\"ListItem\",\"position\":2,\"name\":\"Store\",\"item\":\"https:\\\/\\\/oceanstore.at\\\/en\\\/shop-2\\\/\"},{\"@type\":\"ListItem\",\"position\":3,\"name\":\"Strandtuch aus 100% Baumwolle &#8211; Fischschwarm Lachsfarben\\\/Grau\"}]},{\"@type\":\"WebSite\",\"@id\":\"https:\\\/\\\/oceanstore.at\\\/#website\",\"url\":\"https:\\\/\\\/oceanstore.at\\\/\",\"name\":\"oceanstore\",\"description\":\"art meets lifestyle\",\"publisher\":{\"@id\":\"https:\\\/\\\/oceanstore.at\\\/#organization\"},\"potentialAction\":[{\"@type\":\"SearchAction\",\"target\":{\"@type\":\"EntryPoint\",\"urlTemplate\":\"https:\\\/\\\/oceanstore.at\\\/?s={search_term_string}\"},\"query-input\":{\"@type\":\"PropertyValueSpecification\",\"valueRequired\":true,\"valueName\":\"search_term_string\"}}],\"inLanguage\":\"en-US\"},{\"@type\":\"Organization\",\"@id\":\"https:\\\/\\\/oceanstore.at\\\/#organization\",\"name\":\"oceanstore\",\"url\":\"https:\\\/\\\/oceanstore.at\\\/\",\"logo\":{\"@type\":\"ImageObject\",\"inLanguage\":\"en-US\",\"@id\":\"https:\\\/\\\/oceanstore.at\\\/#\\\/schema\\\/logo\\\/image\\\/\",\"url\":\"https:\\\/\\\/oceanstore.at\\\/wp-content\\\/uploads\\\/2021\\\/10\\\/oceanstore-logo.svg\",\"contentUrl\":\"https:\\\/\\\/oceanstore.at\\\/wp-content\\\/uploads\\\/2021\\\/10\\\/oceanstore-logo.svg\",\"width\":\"1024\",\"height\":\"1024\",\"caption\":\"oceanstore\"},\"image\":{\"@id\":\"https:\\\/\\\/oceanstore.at\\\/#\\\/schema\\\/logo\\\/image\\\/\"},\"sameAs\":[\"https:\\\/\\\/www.facebook.com\\\/OceanstoreVienna\\\/\",\"https:\\\/\\\/www.instagram.com\\\/oceanstore_vienna\\\/\"]}]}<\/script>\n<!-- \/ Yoast SEO plugin. -->","yoast_head_json":{"title":"Gro\u00dfes Strandtuch mit Fischschwarm Motiv von Aelia Anna: Griechisches Design","description":"Genie\u00dfen Sie entspannte Strandtage mit diesem gro\u00dfartigen Strandtuch mit Fischmotiv! Hergestellt aus 100% Baumwolle, f\u00fchlt es sich auf der Haut besonders warm und sanft an. ?\ufe0f","robots":{"index":"index","follow":"follow","max-snippet":"max-snippet:-1","max-image-preview":"max-image-preview:large","max-video-preview":"max-video-preview:-1"},"canonical":"https:\/\/oceanstore.at\/en\/produkt\/strandtuch-aus-100-baumwolle-fischschwarm-lachsfarben-grau\/","og_locale":"en_US","og_type":"article","og_title":"Gro\u00dfes Strandtuch mit Fischschwarm Motiv von Aelia Anna: Griechisches Design","og_description":"Genie\u00dfen Sie entspannte Strandtage mit diesem gro\u00dfartigen Strandtuch mit Fischmotiv! Hergestellt aus 100% Baumwolle, f\u00fchlt es sich auf der Haut besonders warm und sanft an. ?\ufe0f","og_url":"https:\/\/oceanstore.at\/en\/produkt\/strandtuch-aus-100-baumwolle-fischschwarm-lachsfarben-grau\/","og_site_name":"oceanstore","article_publisher":"https:\/\/www.facebook.com\/OceanstoreVienna\/","article_modified_time":"2025-04-22T14:53:43+00:00","og_image":[{"width":1920,"height":1920,"url":"https:\/\/oceanstore.at\/wp-content\/uploads\/2024\/06\/Oceanstore-HP-Freisteller18182670.jpg","type":"image\/jpeg"}],"twitter_card":"summary_large_image","schema":{"@context":"https:\/\/schema.org","@graph":[{"@type":"WebPage","@id":"https:\/\/oceanstore.at\/en\/produkt\/strandtuch-aus-100-baumwolle-fischschwarm-lachsfarben-grau\/","url":"https:\/\/oceanstore.at\/en\/produkt\/strandtuch-aus-100-baumwolle-fischschwarm-lachsfarben-grau\/","name":"Gro\u00dfes Strandtuch mit Fischschwarm Motiv von Aelia Anna: Griechisches Design","isPartOf":{"@id":"https:\/\/oceanstore.at\/#website"},"primaryImageOfPage":{"@id":"https:\/\/oceanstore.at\/en\/produkt\/strandtuch-aus-100-baumwolle-fischschwarm-lachsfarben-grau\/#primaryimage"},"image":{"@id":"https:\/\/oceanstore.at\/en\/produkt\/strandtuch-aus-100-baumwolle-fischschwarm-lachsfarben-grau\/#primaryimage"},"thumbnailUrl":"https:\/\/oceanstore.at\/wp-content\/uploads\/2024\/06\/Oceanstore-HP-Freisteller18182670.jpg","datePublished":"2024-06-17T13:30:23+00:00","dateModified":"2025-04-22T14:53:43+00:00","description":"Genie\u00dfen Sie entspannte Strandtage mit diesem gro\u00dfartigen Strandtuch mit Fischmotiv! Hergestellt aus 100% Baumwolle, f\u00fchlt es sich auf der Haut besonders warm und sanft an. ?\ufe0f","breadcrumb":{"@id":"https:\/\/oceanstore.at\/en\/produkt\/strandtuch-aus-100-baumwolle-fischschwarm-lachsfarben-grau\/#breadcrumb"},"inLanguage":"en-US","potentialAction":[{"@type":"ReadAction","target":["https:\/\/oceanstore.at\/en\/produkt\/strandtuch-aus-100-baumwolle-fischschwarm-lachsfarben-grau\/"]}]},{"@type":"ImageObject","inLanguage":"en-US","@id":"https:\/\/oceanstore.at\/en\/produkt\/strandtuch-aus-100-baumwolle-fischschwarm-lachsfarben-grau\/#primaryimage","url":"https:\/\/oceanstore.at\/wp-content\/uploads\/2024\/06\/Oceanstore-HP-Freisteller18182670.jpg","contentUrl":"https:\/\/oceanstore.at\/wp-content\/uploads\/2024\/06\/Oceanstore-HP-Freisteller18182670.jpg","width":1920,"height":1920},{"@type":"BreadcrumbList","@id":"https:\/\/oceanstore.at\/en\/produkt\/strandtuch-aus-100-baumwolle-fischschwarm-lachsfarben-grau\/#breadcrumb","itemListElement":[{"@type":"ListItem","position":1,"name":"Startseite","item":"https:\/\/oceanstore.at\/en\/"},{"@type":"ListItem","position":2,"name":"Store","item":"https:\/\/oceanstore.at\/en\/shop-2\/"},{"@type":"ListItem","position":3,"name":"Strandtuch aus 100% Baumwolle &#8211; Fischschwarm Lachsfarben\/Grau"}]},{"@type":"WebSite","@id":"https:\/\/oceanstore.at\/#website","url":"https:\/\/oceanstore.at\/","name":"oceanstore","description":"art meets lifestyle","publisher":{"@id":"https:\/\/oceanstore.at\/#organization"},"potentialAction":[{"@type":"SearchAction","target":{"@type":"EntryPoint","urlTemplate":"https:\/\/oceanstore.at\/?s={search_term_string}"},"query-input":{"@type":"PropertyValueSpecification","valueRequired":true,"valueName":"search_term_string"}}],"inLanguage":"en-US"},{"@type":"Organization","@id":"https:\/\/oceanstore.at\/#organization","name":"oceanstore","url":"https:\/\/oceanstore.at\/","logo":{"@type":"ImageObject","inLanguage":"en-US","@id":"https:\/\/oceanstore.at\/#\/schema\/logo\/image\/","url":"https:\/\/oceanstore.at\/wp-content\/uploads\/2021\/10\/oceanstore-logo.svg","contentUrl":"https:\/\/oceanstore.at\/wp-content\/uploads\/2021\/10\/oceanstore-logo.svg","width":"1024","height":"1024","caption":"oceanstore"},"image":{"@id":"https:\/\/oceanstore.at\/#\/schema\/logo\/image\/"},"sameAs":["https:\/\/www.facebook.com\/OceanstoreVienna\/","https:\/\/www.instagram.com\/oceanstore_vienna\/"]}]}},"_links":{"self":[{"href":"https:\/\/oceanstore.at\/en\/wp-json\/wp\/v2\/product\/26050","targetHints":{"allow":["GET"]}}],"collection":[{"href":"https:\/\/oceanstore.at\/en\/wp-json\/wp\/v2\/product"}],"about":[{"href":"https:\/\/oceanstore.at\/en\/wp-json\/wp\/v2\/types\/product"}],"replies":[{"embeddable":true,"href":"https:\/\/oceanstore.at\/en\/wp-json\/wp\/v2\/comments?post=26050"}],"wp:featuredmedia":[{"embeddable":true,"href":"https:\/\/oceanstore.at\/en\/wp-json\/wp\/v2\/media\/26024"}],"wp:attachment":[{"href":"https:\/\/oceanstore.at\/en\/wp-json\/wp\/v2\/media?parent=26050"}],"wp:term":[{"taxonomy":"product_brand","embeddable":true,"href":"https:\/\/oceanstore.at\/en\/wp-json\/wp\/v2\/product_brand?post=26050"},{"taxonomy":"product_cat","embeddable":true,"href":"https:\/\/oceanstore.at\/en\/wp-json\/wp\/v2\/product_cat?post=26050"},{"taxonomy":"product_tag","embeddable":true,"href":"https:\/\/oceanstore.at\/en\/wp-json\/wp\/v2\/product_tag?post=26050"}],"curies":[{"name":"wp","href":"https:\/\/api.w.org\/{rel}","templated":true}]}}