{"id":25857,"date":"2024-06-06T14:50:21","date_gmt":"2024-06-06T12:50:21","guid":{"rendered":"https:\/\/oceanstore.at\/?post_type=product&#038;p=25857"},"modified":"2025-01-22T10:02:00","modified_gmt":"2025-01-22T09:02:00","slug":"strandtasche-aus-100-baumwolle-fisch-blau","status":"publish","type":"product","link":"https:\/\/oceanstore.at\/en\/produkt\/strandtasche-aus-100-baumwolle-fisch-blau\/","title":{"rendered":"Strandtasche aus 100% Baumwolle &#8211; Fisch Blau"},"content":{"rendered":"<div class=\"product__block aos-init aos-animate\" data-aos=\"fade-up\" data-aos-anchor=\"#FeaturedProduct--template--17238560637226__main\" data-aos-delay=\"1700\">\n<div class=\"product__icon__row\">\n<div class=\"product__icon\">\n<div class=\"flex flex-grow flex-col max-w-full\">\n<div class=\"min-h-[20px] text-message flex flex-col items-start whitespace-pre-wrap break-words [.text-message+&amp;]:mt-5 juice:w-full juice:items-end overflow-x-auto gap-2\" dir=\"auto\" data-message-author-role=\"assistant\" data-message-id=\"558f64dd-345b-4042-bf8e-49840a635957\">\n<div class=\"flex w-full flex-col gap-1 juice:empty:hidden juice:first:pt-[3px]\">\n<div class=\"markdown prose w-full break-words dark:prose-invert light\">\n<p>Gro\u00dfe Strandtasche mit stilvollen Fisch-Design.<\/p>\n<p>Hergestellt aus hochwertigem, gewebtem 100% Baumwollstoff mit Baumwollfutter. Ausgestattet mit weissen, gewebten Tragegriffen, Magnetverschluss und Innentasche.<\/p>\n<p>Robust, bequem und leicht. Eine tolle Gr\u00f6\u00dfe f\u00fcr den Alltag, Reisen oder den Strand.<\/p>\n<p>Entworfen und hergestellt in Griechenland von Aelia Anna.<\/p>\n<p>Gr\u00f6\u00dfe: 47 x 54 cm<\/p>\n<\/div>\n<\/div>\n<\/div>\n<\/div>\n<\/div>\n<\/div>\n<\/div>\n","protected":false},"excerpt":{"rendered":"<p>Die perfekte Tragetasche f\u00fcr den Alltag, Reisen oder den Strand im stilvollen Fisch Design.<\/p>\n","protected":false},"featured_media":25876,"comment_status":"open","ping_status":"closed","template":"","meta":{"inline_featured_image":false,"_themeisle_gutenberg_block_has_review":false},"product_brand":[],"product_cat":[1203,3504],"product_tag":[1363,1369,1762,1790,2875,2877,2878,2880],"class_list":{"0":"post-25857","1":"product","2":"type-product","3":"status-publish","4":"has-post-thumbnail","6":"product_cat-bags-and-pouches","7":"product_cat-fashion","8":"product_tag-fisch-en","9":"product_tag-fish-en","10":"product_tag-tasche-en","11":"product_tag-tragetasche-en","12":"product_tag-cotton","13":"product_tag-aelia-anna-en","14":"product_tag-shoulder-bag-en","15":"product_tag-canvas-en","16":"product_shipping_class-accessories-en","18":"first","19":"outofstock","20":"taxable","21":"shipping-taxable","22":"purchasable","23":"product-type-simple"},"yoast_head":"<!-- This site is optimized with the Yoast SEO plugin v27.3 - https:\/\/yoast.com\/product\/yoast-seo-wordpress\/ -->\n<title>Stylish beach bag with fish design from Greece: large and multifunctional<\/title>\n<meta name=\"description\" content=\"This fish design bag is the perfect choice for trips to the beach, weekend getaways and shopping trips. Large, multifunctional and stylish! Discover them now!\" \/>\n<meta name=\"robots\" content=\"index, follow, max-snippet:-1, max-image-preview:large, max-video-preview:-1\" \/>\n<link rel=\"canonical\" href=\"https:\/\/oceanstore.at\/en\/produkt\/strandtasche-aus-100-baumwolle-fisch-blau\/\" \/>\n<meta property=\"og:locale\" content=\"en_US\" \/>\n<meta property=\"og:type\" content=\"article\" \/>\n<meta property=\"og:title\" content=\"Stylish beach bag with fish design from Greece: large and multifunctional\" \/>\n<meta property=\"og:description\" content=\"This fish design bag is the perfect choice for trips to the beach, weekend getaways and shopping trips. Large, multifunctional and stylish! Discover them now!\" \/>\n<meta property=\"og:url\" content=\"https:\/\/oceanstore.at\/en\/produkt\/strandtasche-aus-100-baumwolle-fisch-blau\/\" \/>\n<meta property=\"og:site_name\" content=\"oceanstore\" \/>\n<meta property=\"article:publisher\" content=\"https:\/\/www.facebook.com\/OceanstoreVienna\/\" \/>\n<meta property=\"article:modified_time\" content=\"2025-01-22T09:02:00+00:00\" \/>\n<meta property=\"og:image\" content=\"https:\/\/oceanstore.at\/wp-content\/uploads\/2024\/06\/Oceanstore-HP-Freisteller18182182.jpg\" \/>\n\t<meta property=\"og:image:width\" content=\"1920\" \/>\n\t<meta property=\"og:image:height\" content=\"1920\" \/>\n\t<meta property=\"og:image:type\" content=\"image\/jpeg\" \/>\n<meta name=\"twitter:card\" content=\"summary_large_image\" \/>\n<script type=\"application\/ld+json\" class=\"yoast-schema-graph\">{\"@context\":\"https:\\\/\\\/schema.org\",\"@graph\":[{\"@type\":\"WebPage\",\"@id\":\"https:\\\/\\\/oceanstore.at\\\/en\\\/produkt\\\/strandtasche-aus-100-baumwolle-fisch-blau\\\/\",\"url\":\"https:\\\/\\\/oceanstore.at\\\/en\\\/produkt\\\/strandtasche-aus-100-baumwolle-fisch-blau\\\/\",\"name\":\"Stylish beach bag with fish design from Greece: large and multifunctional\",\"isPartOf\":{\"@id\":\"https:\\\/\\\/oceanstore.at\\\/#website\"},\"primaryImageOfPage\":{\"@id\":\"https:\\\/\\\/oceanstore.at\\\/en\\\/produkt\\\/strandtasche-aus-100-baumwolle-fisch-blau\\\/#primaryimage\"},\"image\":{\"@id\":\"https:\\\/\\\/oceanstore.at\\\/en\\\/produkt\\\/strandtasche-aus-100-baumwolle-fisch-blau\\\/#primaryimage\"},\"thumbnailUrl\":\"https:\\\/\\\/oceanstore.at\\\/wp-content\\\/uploads\\\/2024\\\/06\\\/Oceanstore-HP-Freisteller18182182.jpg\",\"datePublished\":\"2024-06-06T12:50:21+00:00\",\"dateModified\":\"2025-01-22T09:02:00+00:00\",\"description\":\"This fish design bag is the perfect choice for trips to the beach, weekend getaways and shopping trips. Large, multifunctional and stylish! Discover them now!\",\"breadcrumb\":{\"@id\":\"https:\\\/\\\/oceanstore.at\\\/en\\\/produkt\\\/strandtasche-aus-100-baumwolle-fisch-blau\\\/#breadcrumb\"},\"inLanguage\":\"en-US\",\"potentialAction\":[{\"@type\":\"ReadAction\",\"target\":[\"https:\\\/\\\/oceanstore.at\\\/en\\\/produkt\\\/strandtasche-aus-100-baumwolle-fisch-blau\\\/\"]}]},{\"@type\":\"ImageObject\",\"inLanguage\":\"en-US\",\"@id\":\"https:\\\/\\\/oceanstore.at\\\/en\\\/produkt\\\/strandtasche-aus-100-baumwolle-fisch-blau\\\/#primaryimage\",\"url\":\"https:\\\/\\\/oceanstore.at\\\/wp-content\\\/uploads\\\/2024\\\/06\\\/Oceanstore-HP-Freisteller18182182.jpg\",\"contentUrl\":\"https:\\\/\\\/oceanstore.at\\\/wp-content\\\/uploads\\\/2024\\\/06\\\/Oceanstore-HP-Freisteller18182182.jpg\",\"width\":1920,\"height\":1920},{\"@type\":\"BreadcrumbList\",\"@id\":\"https:\\\/\\\/oceanstore.at\\\/en\\\/produkt\\\/strandtasche-aus-100-baumwolle-fisch-blau\\\/#breadcrumb\",\"itemListElement\":[{\"@type\":\"ListItem\",\"position\":1,\"name\":\"Startseite\",\"item\":\"https:\\\/\\\/oceanstore.at\\\/en\\\/\"},{\"@type\":\"ListItem\",\"position\":2,\"name\":\"Store\",\"item\":\"https:\\\/\\\/oceanstore.at\\\/en\\\/shop-2\\\/\"},{\"@type\":\"ListItem\",\"position\":3,\"name\":\"Strandtasche aus 100% Baumwolle &#8211; Fisch Blau\"}]},{\"@type\":\"WebSite\",\"@id\":\"https:\\\/\\\/oceanstore.at\\\/#website\",\"url\":\"https:\\\/\\\/oceanstore.at\\\/\",\"name\":\"oceanstore\",\"description\":\"art meets lifestyle\",\"publisher\":{\"@id\":\"https:\\\/\\\/oceanstore.at\\\/#organization\"},\"potentialAction\":[{\"@type\":\"SearchAction\",\"target\":{\"@type\":\"EntryPoint\",\"urlTemplate\":\"https:\\\/\\\/oceanstore.at\\\/?s={search_term_string}\"},\"query-input\":{\"@type\":\"PropertyValueSpecification\",\"valueRequired\":true,\"valueName\":\"search_term_string\"}}],\"inLanguage\":\"en-US\"},{\"@type\":\"Organization\",\"@id\":\"https:\\\/\\\/oceanstore.at\\\/#organization\",\"name\":\"oceanstore\",\"url\":\"https:\\\/\\\/oceanstore.at\\\/\",\"logo\":{\"@type\":\"ImageObject\",\"inLanguage\":\"en-US\",\"@id\":\"https:\\\/\\\/oceanstore.at\\\/#\\\/schema\\\/logo\\\/image\\\/\",\"url\":\"https:\\\/\\\/oceanstore.at\\\/wp-content\\\/uploads\\\/2021\\\/10\\\/oceanstore-logo.svg\",\"contentUrl\":\"https:\\\/\\\/oceanstore.at\\\/wp-content\\\/uploads\\\/2021\\\/10\\\/oceanstore-logo.svg\",\"width\":\"1024\",\"height\":\"1024\",\"caption\":\"oceanstore\"},\"image\":{\"@id\":\"https:\\\/\\\/oceanstore.at\\\/#\\\/schema\\\/logo\\\/image\\\/\"},\"sameAs\":[\"https:\\\/\\\/www.facebook.com\\\/OceanstoreVienna\\\/\",\"https:\\\/\\\/www.instagram.com\\\/oceanstore_vienna\\\/\"]}]}<\/script>\n<!-- \/ Yoast SEO plugin. -->","yoast_head_json":{"title":"Stylish beach bag with fish design from Greece: large and multifunctional","description":"This fish design bag is the perfect choice for trips to the beach, weekend getaways and shopping trips. Large, multifunctional and stylish! Discover them now!","robots":{"index":"index","follow":"follow","max-snippet":"max-snippet:-1","max-image-preview":"max-image-preview:large","max-video-preview":"max-video-preview:-1"},"canonical":"https:\/\/oceanstore.at\/en\/produkt\/strandtasche-aus-100-baumwolle-fisch-blau\/","og_locale":"en_US","og_type":"article","og_title":"Stylish beach bag with fish design from Greece: large and multifunctional","og_description":"This fish design bag is the perfect choice for trips to the beach, weekend getaways and shopping trips. Large, multifunctional and stylish! Discover them now!","og_url":"https:\/\/oceanstore.at\/en\/produkt\/strandtasche-aus-100-baumwolle-fisch-blau\/","og_site_name":"oceanstore","article_publisher":"https:\/\/www.facebook.com\/OceanstoreVienna\/","article_modified_time":"2025-01-22T09:02:00+00:00","og_image":[{"width":1920,"height":1920,"url":"https:\/\/oceanstore.at\/wp-content\/uploads\/2024\/06\/Oceanstore-HP-Freisteller18182182.jpg","type":"image\/jpeg"}],"twitter_card":"summary_large_image","schema":{"@context":"https:\/\/schema.org","@graph":[{"@type":"WebPage","@id":"https:\/\/oceanstore.at\/en\/produkt\/strandtasche-aus-100-baumwolle-fisch-blau\/","url":"https:\/\/oceanstore.at\/en\/produkt\/strandtasche-aus-100-baumwolle-fisch-blau\/","name":"Stylish beach bag with fish design from Greece: large and multifunctional","isPartOf":{"@id":"https:\/\/oceanstore.at\/#website"},"primaryImageOfPage":{"@id":"https:\/\/oceanstore.at\/en\/produkt\/strandtasche-aus-100-baumwolle-fisch-blau\/#primaryimage"},"image":{"@id":"https:\/\/oceanstore.at\/en\/produkt\/strandtasche-aus-100-baumwolle-fisch-blau\/#primaryimage"},"thumbnailUrl":"https:\/\/oceanstore.at\/wp-content\/uploads\/2024\/06\/Oceanstore-HP-Freisteller18182182.jpg","datePublished":"2024-06-06T12:50:21+00:00","dateModified":"2025-01-22T09:02:00+00:00","description":"This fish design bag is the perfect choice for trips to the beach, weekend getaways and shopping trips. Large, multifunctional and stylish! Discover them now!","breadcrumb":{"@id":"https:\/\/oceanstore.at\/en\/produkt\/strandtasche-aus-100-baumwolle-fisch-blau\/#breadcrumb"},"inLanguage":"en-US","potentialAction":[{"@type":"ReadAction","target":["https:\/\/oceanstore.at\/en\/produkt\/strandtasche-aus-100-baumwolle-fisch-blau\/"]}]},{"@type":"ImageObject","inLanguage":"en-US","@id":"https:\/\/oceanstore.at\/en\/produkt\/strandtasche-aus-100-baumwolle-fisch-blau\/#primaryimage","url":"https:\/\/oceanstore.at\/wp-content\/uploads\/2024\/06\/Oceanstore-HP-Freisteller18182182.jpg","contentUrl":"https:\/\/oceanstore.at\/wp-content\/uploads\/2024\/06\/Oceanstore-HP-Freisteller18182182.jpg","width":1920,"height":1920},{"@type":"BreadcrumbList","@id":"https:\/\/oceanstore.at\/en\/produkt\/strandtasche-aus-100-baumwolle-fisch-blau\/#breadcrumb","itemListElement":[{"@type":"ListItem","position":1,"name":"Startseite","item":"https:\/\/oceanstore.at\/en\/"},{"@type":"ListItem","position":2,"name":"Store","item":"https:\/\/oceanstore.at\/en\/shop-2\/"},{"@type":"ListItem","position":3,"name":"Strandtasche aus 100% Baumwolle &#8211; Fisch Blau"}]},{"@type":"WebSite","@id":"https:\/\/oceanstore.at\/#website","url":"https:\/\/oceanstore.at\/","name":"oceanstore","description":"art meets lifestyle","publisher":{"@id":"https:\/\/oceanstore.at\/#organization"},"potentialAction":[{"@type":"SearchAction","target":{"@type":"EntryPoint","urlTemplate":"https:\/\/oceanstore.at\/?s={search_term_string}"},"query-input":{"@type":"PropertyValueSpecification","valueRequired":true,"valueName":"search_term_string"}}],"inLanguage":"en-US"},{"@type":"Organization","@id":"https:\/\/oceanstore.at\/#organization","name":"oceanstore","url":"https:\/\/oceanstore.at\/","logo":{"@type":"ImageObject","inLanguage":"en-US","@id":"https:\/\/oceanstore.at\/#\/schema\/logo\/image\/","url":"https:\/\/oceanstore.at\/wp-content\/uploads\/2021\/10\/oceanstore-logo.svg","contentUrl":"https:\/\/oceanstore.at\/wp-content\/uploads\/2021\/10\/oceanstore-logo.svg","width":"1024","height":"1024","caption":"oceanstore"},"image":{"@id":"https:\/\/oceanstore.at\/#\/schema\/logo\/image\/"},"sameAs":["https:\/\/www.facebook.com\/OceanstoreVienna\/","https:\/\/www.instagram.com\/oceanstore_vienna\/"]}]}},"_links":{"self":[{"href":"https:\/\/oceanstore.at\/en\/wp-json\/wp\/v2\/product\/25857","targetHints":{"allow":["GET"]}}],"collection":[{"href":"https:\/\/oceanstore.at\/en\/wp-json\/wp\/v2\/product"}],"about":[{"href":"https:\/\/oceanstore.at\/en\/wp-json\/wp\/v2\/types\/product"}],"replies":[{"embeddable":true,"href":"https:\/\/oceanstore.at\/en\/wp-json\/wp\/v2\/comments?post=25857"}],"wp:featuredmedia":[{"embeddable":true,"href":"https:\/\/oceanstore.at\/en\/wp-json\/wp\/v2\/media\/25876"}],"wp:attachment":[{"href":"https:\/\/oceanstore.at\/en\/wp-json\/wp\/v2\/media?parent=25857"}],"wp:term":[{"taxonomy":"product_brand","embeddable":true,"href":"https:\/\/oceanstore.at\/en\/wp-json\/wp\/v2\/product_brand?post=25857"},{"taxonomy":"product_cat","embeddable":true,"href":"https:\/\/oceanstore.at\/en\/wp-json\/wp\/v2\/product_cat?post=25857"},{"taxonomy":"product_tag","embeddable":true,"href":"https:\/\/oceanstore.at\/en\/wp-json\/wp\/v2\/product_tag?post=25857"}],"curies":[{"name":"wp","href":"https:\/\/api.w.org\/{rel}","templated":true}]}}